{"id":112,"date":"2025-07-21T06:25:37","date_gmt":"2025-07-21T06:25:37","guid":{"rendered":"https:\/\/kinetomasaj-therapy.ro\/?page_id=112"},"modified":"2025-07-21T10:24:56","modified_gmt":"2025-07-21T10:24:56","slug":"despre","status":"publish","type":"page","link":"https:\/\/kinetomasaj-therapy.ro\/index.php\/despre\/","title":{"rendered":"Despre"},"content":{"rendered":"\n<p><strong><em><mark style=\"background-color:#fcb900\" class=\"has-inline-color\">MARIUS NICOLAE<\/mark><\/em><\/strong><\/p>\n\n\n\n<h2 class=\"wp-block-heading\">Kinetomasaj-therapy.ro<\/h2>\n\n\n\n<p>Masajul nu este un lux.<br>S\u0103n\u0103tate ta conteaz\u0103!<\/p>\n\n\n\n<p>Numele meu este Nicolae Marius, sunt profesor la Centrul \u0218colar pentru Educa\u021bie Incluziv\u0103. Sunt devotat ideii de a-i ajuta pe ceilal\u021bi cu diferite afec\u021biuni ale articula\u021biilor, mu\u0219chilor, \u00een procesul de recuperare medical\u0103 \u0219i chiar remodelare corporal\u0103, \u00een func\u021bie de nevoile fiec\u0103rei persoane.<\/p>\n\n\n\n<p>Terapeut cu 8 ani de experien\u021b\u0103 \u00een domeniul masajului \u0219i recuper\u0103rii medicale si cunoscut la nivel na\u021bional \u0219i interna\u021bional, am \u00eenceput cu un antrenament intens la nivel na\u021bional \u0219i interna\u021bional.<\/p>\n\n\n\n<p>\u00cen 2022 a participat pentru prima dat\u0103 la Campionatul Na\u021bional de Masaj de la Sibiu, unde a c\u00e2\u0219tigat locul 1 la categoria masaj pe scaun \u0219i locul 2 la categoria masaj facial.<\/p>\n\n\n\n<p>Am urmat apoi mai multe Masterclass-uri de masaj sportiv, western Free style, masaj sportiv cu tehnic\u0103 thailandez\u0103, masaj Lov Por Life, Tiger Point cu mai mul\u021bi profesori de talie mondial\u0103.<\/p>\n\n\n\n<p>\u00cen 2023 am ob\u021binut locul 4 la Campionatul Intercontinental de la Athena la masaj sportiv \u0219i masaj pe scaun.<\/p>\n\n\n\n<p>\u00cen 2024 am ob\u021binut locul 2 la Campionatul International al Germaniei organizat de Maestrul Supa Albert.<\/p>\n\n\n\n<p>De asemenea, \u00een 2024 am obtinut&nbsp; locul 2 la Campionatul European de la Roma, categoria table settup, \u0219i am fost \u00een top 15 la masaj pe scaun \u0219i masaj western.<\/p>\n\n\n\n<p>\u00cen perioada 2023-2024 am participat ca jurat la Campionatul Na\u021bional de Masaj al Rom\u00e2niei \u0219i la World Massage SuperCup de la Sibiu.<\/p>\n\n\n\n<p>\u00cen aprilie 2025 \u00eemi perfec\u021bionez tehnicile de masaj particip\u00e2nd la un curs intensiv de preg\u0103tire \u00een Thailanda cu Kru Lumpai, juratul mondial care a organizat acest curs.<\/p>\n\n\n\n<p>\u00cen Iulie 2025 am participat la Festivalul Interna\u021bional de Masaj din Bulgaria in calitate de invitat special<\/p>\n","protected":false},"excerpt":{"rendered":"<p>MARIUS NICOLAE Kinetomasaj-therapy.ro Masajul nu este un lux.S\u0103n\u0103tate ta conteaz\u0103! Numele meu este Nicolae Marius, sunt profesor la Centrul \u0218colar pentru Educa\u021bie Incluziv\u0103. Sunt devotat ideii de a-i ajuta pe ceilal\u021bi cu diferite afec\u021biuni ale articula\u021biilor, mu\u0219chilor, \u00een procesul de recuperare medical\u0103 \u0219i chiar remodelare corporal\u0103, \u00een func\u021bie de nevoile &#8230;<\/p>\n<p> <a class=\"continue-reading-link\" href=\"https:\/\/kinetomasaj-therapy.ro\/index.php\/despre\/\"><span>Continue reading<\/span><i class=\"crycon-right-dir\"><\/i><\/a> <\/p>\n","protected":false},"author":1,"featured_media":0,"parent":0,"menu_order":0,"comment_status":"closed","ping_status":"closed","template":"","meta":{"footnotes":""},"class_list":["post-112","page","type-page","status-publish","hentry"],"_links":{"self":[{"href":"https:\/\/kinetomasaj-therapy.ro\/index.php\/wp-json\/wp\/v2\/pages\/112","targetHints":{"allow":["GET"]}}],"collection":[{"href":"https:\/\/kinetomasaj-therapy.ro\/index.php\/wp-json\/wp\/v2\/pages"}],"about":[{"href":"https:\/\/kinetomasaj-therapy.ro\/index.php\/wp-json\/wp\/v2\/types\/page"}],"author":[{"embeddable":true,"href":"https:\/\/kinetomasaj-therapy.ro\/index.php\/wp-json\/wp\/v2\/users\/1"}],"replies":[{"embeddable":true,"href":"https:\/\/kinetomasaj-therapy.ro\/index.php\/wp-json\/wp\/v2\/comments?post=112"}],"version-history":[{"count":5,"href":"https:\/\/kinetomasaj-therapy.ro\/index.php\/wp-json\/wp\/v2\/pages\/112\/revisions"}],"predecessor-version":[{"id":141,"href":"https:\/\/kinetomasaj-therapy.ro\/index.php\/wp-json\/wp\/v2\/pages\/112\/revisions\/141"}],"wp:attachment":[{"href":"https:\/\/kinetomasaj-therapy.ro\/index.php\/wp-json\/wp\/v2\/media?parent=112"}],"curies":[{"name":"wp","href":"https:\/\/api.w.org\/{rel}","templated":true}]}}